{"id":966,"date":"2023-01-02T09:16:58","date_gmt":"2023-01-02T08:16:58","guid":{"rendered":"https:\/\/vikteam.dk\/home\/"},"modified":"2023-01-03T10:21:53","modified_gmt":"2023-01-03T09:21:53","slug":"forside","status":"publish","type":"page","link":"https:\/\/vikteam.dk\/no\/","title":{"rendered":"Forside"},"content":{"rendered":"","protected":false},"excerpt":{"rendered":"","protected":false},"author":1,"featured_media":0,"parent":0,"menu_order":4,"comment_status":"closed","ping_status":"closed","template":"","meta":[],"yoast_head":"<!-- This site is optimized with the Yoast SEO plugin v17.7.1 - https:\/\/yoast.com\/wordpress\/plugins\/seo\/ -->\n<title>Vikteam | Vikarbyr\u00e5 for leger og helsepersonell<\/title>\n<meta name=\"description\" content=\"VikTeam er et profesjonelt vikarbyr\u00e5 for leger. Vi har over 20 \u00e5rs erfaring med \u00e5 formidle spennende vikarjobber i hele Norden.\" \/>\n<meta name=\"robots\" content=\"index, follow, max-snippet:-1, max-image-preview:large, max-video-preview:-1\" \/>\n<link rel=\"canonical\" href=\"https:\/\/vikteam.dk\/no\/\" \/>\n<meta property=\"og:locale\" content=\"nb_NO\" \/>\n<meta property=\"og:type\" content=\"article\" \/>\n<meta property=\"og:title\" content=\"Vikteam | Vikarbyr\u00e5 for leger og helsepersonell\" \/>\n<meta property=\"og:description\" content=\"VikTeam er et profesjonelt vikarbyr\u00e5 for leger. Vi har over 20 \u00e5rs erfaring med \u00e5 formidle spennende vikarjobber i hele Norden.\" \/>\n<meta property=\"og:url\" content=\"https:\/\/vikteam.dk\/no\/\" \/>\n<meta property=\"og:site_name\" content=\"VikTeam\" \/>\n<meta property=\"article:publisher\" content=\"https:\/\/www.facebook.com\/VikTeamAS\" \/>\n<meta property=\"article:modified_time\" content=\"2023-01-03T09:21:53+00:00\" \/>\n<meta property=\"og:image\" content=\"https:\/\/vikteam.dk\/wp-content\/uploads\/2022\/11\/Vikteam-small.jpg\" \/>\n\t<meta property=\"og:image:width\" content=\"827\" \/>\n\t<meta property=\"og:image:height\" content=\"373\" \/>\n<meta name=\"twitter:card\" content=\"summary_large_image\" \/>\n<script type=\"application\/ld+json\" class=\"yoast-schema-graph\">{\"@context\":\"https:\/\/schema.org\",\"@graph\":[{\"@type\":\"Organization\",\"@id\":\"https:\/\/vikteam.dk\/no\/#organization\",\"name\":\"VIkteam\",\"url\":\"https:\/\/vikteam.dk\/no\/\",\"sameAs\":[\"https:\/\/www.facebook.com\/VikTeamAS\",\"https:\/\/www.instagram.com\/vikteamskandinavien\/\",\"https:\/\/www.linkedin.com\/company\/vikteam-a-s\/\"],\"logo\":{\"@type\":\"ImageObject\",\"@id\":\"https:\/\/vikteam.dk\/no\/#logo\",\"inLanguage\":\"nb-NO\",\"url\":\"https:\/\/vikteam.dk\/wp-content\/uploads\/2022\/11\/Vikteam-ny-2022.png\",\"contentUrl\":\"https:\/\/vikteam.dk\/wp-content\/uploads\/2022\/11\/Vikteam-ny-2022.png\",\"width\":1120,\"height\":788,\"caption\":\"VIkteam\"},\"image\":{\"@id\":\"https:\/\/vikteam.dk\/no\/#logo\"}},{\"@type\":\"WebSite\",\"@id\":\"https:\/\/vikteam.dk\/no\/#website\",\"url\":\"https:\/\/vikteam.dk\/no\/\",\"name\":\"VikTeam\",\"description\":\"Just another WordPress site\",\"publisher\":{\"@id\":\"https:\/\/vikteam.dk\/no\/#organization\"},\"potentialAction\":[{\"@type\":\"SearchAction\",\"target\":{\"@type\":\"EntryPoint\",\"urlTemplate\":\"https:\/\/vikteam.dk\/no\/?s={search_term_string}\"},\"query-input\":\"required name=search_term_string\"}],\"inLanguage\":\"nb-NO\"},{\"@type\":\"WebPage\",\"@id\":\"https:\/\/vikteam.dk\/no\/#webpage\",\"url\":\"https:\/\/vikteam.dk\/no\/\",\"name\":\"Vikteam | Vikarbyr\\u00e5 for leger og helsepersonell\",\"isPartOf\":{\"@id\":\"https:\/\/vikteam.dk\/no\/#website\"},\"datePublished\":\"2023-01-02T08:16:58+00:00\",\"dateModified\":\"2023-01-03T09:21:53+00:00\",\"description\":\"VikTeam er et profesjonelt vikarbyr\\u00e5 for leger. Vi har over 20 \\u00e5rs erfaring med \\u00e5 formidle spennende vikarjobber i hele Norden.\",\"breadcrumb\":{\"@id\":\"https:\/\/vikteam.dk\/no\/#breadcrumb\"},\"inLanguage\":\"nb-NO\",\"potentialAction\":[{\"@type\":\"ReadAction\",\"target\":[\"https:\/\/vikteam.dk\/no\/\"]}]},{\"@type\":\"BreadcrumbList\",\"@id\":\"https:\/\/vikteam.dk\/no\/#breadcrumb\",\"itemListElement\":[{\"@type\":\"ListItem\",\"position\":1,\"name\":\"Hjem\",\"item\":\"https:\/\/vikteam.dk\/no\/\"},{\"@type\":\"ListItem\",\"position\":2,\"name\":\"Forside\"}]}]}<\/script>\n<!-- \/ Yoast SEO plugin. -->","yoast_head_json":{"title":"Vikteam | Vikarbyr\u00e5 for leger og helsepersonell","description":"VikTeam er et profesjonelt vikarbyr\u00e5 for leger. Vi har over 20 \u00e5rs erfaring med \u00e5 formidle spennende vikarjobber i hele Norden.","robots":{"index":"index","follow":"follow","max-snippet":"max-snippet:-1","max-image-preview":"max-image-preview:large","max-video-preview":"max-video-preview:-1"},"canonical":"https:\/\/vikteam.dk\/no\/","og_locale":"nb_NO","og_type":"article","og_title":"Vikteam | Vikarbyr\u00e5 for leger og helsepersonell","og_description":"VikTeam er et profesjonelt vikarbyr\u00e5 for leger. Vi har over 20 \u00e5rs erfaring med \u00e5 formidle spennende vikarjobber i hele Norden.","og_url":"https:\/\/vikteam.dk\/no\/","og_site_name":"VikTeam","article_publisher":"https:\/\/www.facebook.com\/VikTeamAS","article_modified_time":"2023-01-03T09:21:53+00:00","og_image":[{"width":827,"height":373,"url":"https:\/\/vikteam.dk\/wp-content\/uploads\/2022\/11\/Vikteam-small.jpg","type":"image\/jpeg"}],"twitter_card":"summary_large_image","schema":{"@context":"https:\/\/schema.org","@graph":[{"@type":"Organization","@id":"https:\/\/vikteam.dk\/no\/#organization","name":"VIkteam","url":"https:\/\/vikteam.dk\/no\/","sameAs":["https:\/\/www.facebook.com\/VikTeamAS","https:\/\/www.instagram.com\/vikteamskandinavien\/","https:\/\/www.linkedin.com\/company\/vikteam-a-s\/"],"logo":{"@type":"ImageObject","@id":"https:\/\/vikteam.dk\/no\/#logo","inLanguage":"nb-NO","url":"https:\/\/vikteam.dk\/wp-content\/uploads\/2022\/11\/Vikteam-ny-2022.png","contentUrl":"https:\/\/vikteam.dk\/wp-content\/uploads\/2022\/11\/Vikteam-ny-2022.png","width":1120,"height":788,"caption":"VIkteam"},"image":{"@id":"https:\/\/vikteam.dk\/no\/#logo"}},{"@type":"WebSite","@id":"https:\/\/vikteam.dk\/no\/#website","url":"https:\/\/vikteam.dk\/no\/","name":"VikTeam","description":"Just another WordPress site","publisher":{"@id":"https:\/\/vikteam.dk\/no\/#organization"},"potentialAction":[{"@type":"SearchAction","target":{"@type":"EntryPoint","urlTemplate":"https:\/\/vikteam.dk\/no\/?s={search_term_string}"},"query-input":"required name=search_term_string"}],"inLanguage":"nb-NO"},{"@type":"WebPage","@id":"https:\/\/vikteam.dk\/no\/#webpage","url":"https:\/\/vikteam.dk\/no\/","name":"Vikteam | Vikarbyr\u00e5 for leger og helsepersonell","isPartOf":{"@id":"https:\/\/vikteam.dk\/no\/#website"},"datePublished":"2023-01-02T08:16:58+00:00","dateModified":"2023-01-03T09:21:53+00:00","description":"VikTeam er et profesjonelt vikarbyr\u00e5 for leger. Vi har over 20 \u00e5rs erfaring med \u00e5 formidle spennende vikarjobber i hele Norden.","breadcrumb":{"@id":"https:\/\/vikteam.dk\/no\/#breadcrumb"},"inLanguage":"nb-NO","potentialAction":[{"@type":"ReadAction","target":["https:\/\/vikteam.dk\/no\/"]}]},{"@type":"BreadcrumbList","@id":"https:\/\/vikteam.dk\/no\/#breadcrumb","itemListElement":[{"@type":"ListItem","position":1,"name":"Hjem","item":"https:\/\/vikteam.dk\/no\/"},{"@type":"ListItem","position":2,"name":"Forside"}]}]}},"_links":{"self":[{"href":"https:\/\/vikteam.dk\/no\/wp-json\/wp\/v2\/pages\/966"}],"collection":[{"href":"https:\/\/vikteam.dk\/no\/wp-json\/wp\/v2\/pages"}],"about":[{"href":"https:\/\/vikteam.dk\/no\/wp-json\/wp\/v2\/types\/page"}],"author":[{"embeddable":true,"href":"https:\/\/vikteam.dk\/no\/wp-json\/wp\/v2\/users\/1"}],"replies":[{"embeddable":true,"href":"https:\/\/vikteam.dk\/no\/wp-json\/wp\/v2\/comments?post=966"}],"version-history":[{"count":8,"href":"https:\/\/vikteam.dk\/no\/wp-json\/wp\/v2\/pages\/966\/revisions"}],"predecessor-version":[{"id":1514,"href":"https:\/\/vikteam.dk\/no\/wp-json\/wp\/v2\/pages\/966\/revisions\/1514"}],"wp:attachment":[{"href":"https:\/\/vikteam.dk\/no\/wp-json\/wp\/v2\/media?parent=966"}],"curies":[{"name":"wp","href":"https:\/\/api.w.org\/{rel}","templated":true}]}}